{"id":11417,"date":"2022-09-09T09:58:02","date_gmt":"2022-09-09T16:58:02","guid":{"rendered":"https:\/\/www.modula4.com\/dienstleistungen\/cumulus-to-netx-migration\/"},"modified":"2022-10-19T23:36:55","modified_gmt":"2022-10-20T06:36:55","slug":"cumulus-to-netx-migration","status":"publish","type":"page","link":"https:\/\/www.modula4.com\/de\/dienstleistungen\/cumulus-to-netx-migration\/","title":{"rendered":"Migration von Cumulus zu NetX"},"content":{"rendered":"\n<p><\/p>\n\n\n\n<h2 class=\"Body wp-block-heading\" id=\"full-featured-dam-solution-for-cloud-or-on-premise\">Ende der Laufzeit von Cumulus<\/h2>\n\n\n<p style=\"font-weight: 400;\">Canto wird den Support f\u00fcr Cumulus Entry und Cumulus Workgroup im Jahr 2022 und f\u00fcr Cumulus Enterprise im Jahr 2023 einstellen. Nach diesen Terminen wird Canto\u00a0den Besitzern von Cumulus\u00a0keine Updates (einschlie\u00dflich Fehlerbehebungen) und keinen Second-Level-Support mehr\u00a0 bereitstellen. Das bedeutet, dass Unternehmen, die Cumulus einsetzen, sich nach einem neuen DAM-System umsehen sollten.<\/p>\n<p style=\"font-weight: 400;\">Um unseren Kunden und anderen Organisationen, die auf Cumulus angewiesen sind, zu helfen, hat sich Modula4 mit NetX, einem weithin anerkannten DAM-Anbieter, zusammengetan, um die Migration von Cumulus zu NetX so reibungslos wie m\u00f6glich zu gestalten.<\/p>\n<p><!-- \/wp:post-content --><\/p>\n<p><!-- wp:heading {\"className\":\"SectionSub-sub-head\"} --><\/p>\n<h2><span lang=\"DE\">Warum NetX die beste Alternative zu Canto Cumulus ist<\/span><\/h2>\n<p><!-- \/wp:heading --><\/p>\n<p><!-- wp:paragraph {\"className\":\"Body\"} --><\/p>\n<p style=\"font-weight: 400;\">Jedes DAM hat seine eigenen, einzigartigen Funktionen und Konzepte. Als vollwertiges DAM-System bietet NetX die ganze Flexibilit\u00e4t von Cumulus und noch mehr. Es ist ein modernes Produkt mit einer einfach zu bedienenden Benutzeroberfl\u00e4che. NetX ist als On-Premise-L\u00f6sung oder als Cloud-Service (SaaS) erh\u00e4ltlich. Es wird in allen Branchen eingesetzt, auch in Universit\u00e4ten und Museen. Einige der weltweit gr\u00f6\u00dften Marken und innovativen Organisationen verlassen sich seit vielen Jahren auf NetX. NetX stellt ein leistungsstarkes Upgrade dar und ist zugleich Ersatz f\u00fcr Cumulus.<\/p>\n<p><!-- \/wp:paragraph --><\/p>\n<p><!-- wp:heading {\"className\":\"SectionSub-sub-head\"} --><\/p>\n<h2>Experten der Canto Cumulus Migration<\/h2>\n<p><!-- \/wp:heading --><\/p>\n<p><!-- wp:paragraph {\"className\":\"Body\"} --><\/p>\n<p style=\"font-weight: 400;\">Als marktf\u00fchrender Cumulus-Integrator kann Modula4 Sie bei allen Aspekten der Migration von Cumulus auf NetX unterst\u00fctzen. Dank unserer umfassenden Kenntnisse beider Systeme k\u00f6nnen Sie so einfach und schnell wie m\u00f6glich von Cumulus auf NetX migrieren. Zu diesem Zweck haben wir ein &#8222;Cumulus2NetX&#8220;-Programm entwickelt, das ein Tool und einen Prozess enth\u00e4lt, der wichtige Aspekte der Migration automatisiert und vereinfacht.<\/p>\n<h2>Sonderrabatt auf NetX f\u00fcr Cumulus Benutzer<\/h2>\n<p style=\"font-weight: 400;\">Modula4 hat in Zusammenarbeit mit NetX spezielle Rabatte f\u00fcr Canto Cumulus Anwender entwickelt. Dadurch wird die Migration zu NetX f\u00fcr Besitzer von Cumulus kosteng\u00fcnstiger als bei anderen DAM-Systemen.<\/p>\n<p>\u00a0<\/p>\n<p><!-- \/wp:paragraph --><\/p>\n<p><!-- wp:paragraph {\"align\":\"center\"} --><\/p>\n<p id=\"form\"><script type=\"text\/javascript\">\n\/* <![CDATA[ *\/\nvar gform;gform||(document.addEventListener(\"gform_main_scripts_loaded\",function(){gform.scriptsLoaded=!0}),document.addEventListener(\"gform\/theme\/scripts_loaded\",function(){gform.themeScriptsLoaded=!0}),window.addEventListener(\"DOMContentLoaded\",function(){gform.domLoaded=!0}),gform={domLoaded:!1,scriptsLoaded:!1,themeScriptsLoaded:!1,isFormEditor:()=>\"function\"==typeof InitializeEditor,callIfLoaded:function(o){return!(!gform.domLoaded||!gform.scriptsLoaded||!gform.themeScriptsLoaded&&!gform.isFormEditor()||(gform.isFormEditor()&&console.warn(\"The use of gform.initializeOnLoaded() is deprecated in the form editor context and will be removed in Gravity Forms 3.1.\"),o(),0))},initializeOnLoaded:function(o){gform.callIfLoaded(o)||(document.addEventListener(\"gform_main_scripts_loaded\",()=>{gform.scriptsLoaded=!0,gform.callIfLoaded(o)}),document.addEventListener(\"gform\/theme\/scripts_loaded\",()=>{gform.themeScriptsLoaded=!0,gform.callIfLoaded(o)}),window.addEventListener(\"DOMContentLoaded\",()=>{gform.domLoaded=!0,gform.callIfLoaded(o)}))},hooks:{action:{},filter:{}},addAction:function(o,r,e,t){gform.addHook(\"action\",o,r,e,t)},addFilter:function(o,r,e,t){gform.addHook(\"filter\",o,r,e,t)},doAction:function(o){gform.doHook(\"action\",o,arguments)},applyFilters:function(o){return gform.doHook(\"filter\",o,arguments)},removeAction:function(o,r){gform.removeHook(\"action\",o,r)},removeFilter:function(o,r,e){gform.removeHook(\"filter\",o,r,e)},addHook:function(o,r,e,t,n){null==gform.hooks[o][r]&&(gform.hooks[o][r]=[]);var d=gform.hooks[o][r];null==n&&(n=r+\"_\"+d.length),gform.hooks[o][r].push({tag:n,callable:e,priority:t=null==t?10:t})},doHook:function(r,o,e){var t;if(e=Array.prototype.slice.call(e,1),null!=gform.hooks[r][o]&&((o=gform.hooks[r][o]).sort(function(o,r){return o.priority-r.priority}),o.forEach(function(o){\"function\"!=typeof(t=o.callable)&&(t=window[t]),\"action\"==r?t.apply(null,e):e[0]=t.apply(null,e)})),\"filter\"==r)return e[0]},removeHook:function(o,r,t,n){var e;null!=gform.hooks[o][r]&&(e=(e=gform.hooks[o][r]).filter(function(o,r,e){return!!(null!=n&&n!=o.tag||null!=t&&t!=o.priority)}),gform.hooks[o][r]=e)}});\n\/* ]]> *\/\n<\/script>\n\n                <div class='gf_browser_gecko gform_wrapper gform_legacy_markup_wrapper gform-theme--no-framework' data-form-theme='legacy' data-form-index='0' id='gform_wrapper_19' >\n                        <div class='gform_heading'>\n                            <h3 class=\"gform_title\">Ich bin interessiert!<\/h3>\n                            <p class='gform_description'>Lassen Sie mich wissen, wie ich Canto Cumulus durch NetX ersetzen kann.<\/p>\n                        <\/div><form method='post' enctype='multipart\/form-data'  id='gform_19'  action='\/de\/wp-json\/wp\/v2\/pages\/11417' data-formid='19' novalidate><div class='gf_invisible ginput_recaptchav3' data-sitekey='6LdWB4UjAAAAAIXtGDsOTMGob75Xq3OjSxqLy-of' data-tabindex='0'><input id=\"input_f622ab7ff5d74db2886033d3eb15c292\" class=\"gfield_recaptcha_response\" type=\"hidden\" name=\"input_f622ab7ff5d74db2886033d3eb15c292\" value=\"\"\/><\/div>\n                        <div class='gform-body gform_body'><ul id='gform_fields_19' class='gform_fields top_label form_sublabel_below description_below validation_below'><li id=\"field_19_7\" class=\"gfield gfield--type-honeypot gform_validation_container field_sublabel_below gfield--has-description field_description_below field_validation_below gfield_visibility_visible\"  ><label class='gfield_label gform-field-label' for='input_19_7'>Comments<\/label><div class='ginput_container'><input name='input_7' id='input_19_7' type='text' value='' autocomplete='new-password'\/><\/div><div class='gfield_description' id='gfield_description_19_7'>Dieses Feld dient zur Validierung und sollte nicht ver\u00e4ndert werden.<\/div><\/li><li id=\"field_19_2\" class=\"gfield gfield--type-email gfield_contains_required field_sublabel_below gfield--no-description field_description_below field_validation_below gfield_visibility_visible\"  ><label class='gfield_label gform-field-label' for='input_19_2'>E-Mail<span class=\"gfield_required\"><span class=\"gfield_required gfield_required_asterisk\">*<\/span><\/span><\/label><div class='ginput_container ginput_container_email'>\n                            <input name='input_2' id='input_19_2' type='email' value='' class='large'    aria-required=\"true\" aria-invalid=\"false\"  \/>\n                        <\/div><\/li><li id=\"field_19_3\" class=\"gfield gfield--type-phone field_sublabel_below gfield--no-description field_description_below field_validation_below gfield_visibility_visible\"  ><label class='gfield_label gform-field-label' for='input_19_3'>Telefon<\/label><div class='ginput_container ginput_container_phone'><input name='input_3' id='input_19_3' type='tel' value='' class='large'    aria-invalid=\"false\"   \/><\/div><\/li><li id=\"field_19_4\" class=\"gfield gfield--type-select field_sublabel_below gfield--no-description field_description_below field_validation_below gfield_visibility_visible\"  ><label class='gfield_label gform-field-label' for='input_19_4'>Region<\/label><div class='ginput_container ginput_container_select'><select name='input_4' id='input_19_4' class='large gfield_select'     aria-invalid=\"false\" ><option value='Europa' selected='selected'>Europa<\/option><option value='Nordamerika\/S\u00fcdamerika' >Nordamerika\/S\u00fcdamerika<\/option><option value='Asien' >Asien<\/option><option value='Australien' >Australien<\/option><option value='Afrika' >Afrika<\/option><\/select><\/div><\/li><li id=\"field_19_6\" class=\"gfield gfield--type-textarea gfield_contains_required field_sublabel_below gfield--no-description field_description_below field_validation_below gfield_visibility_visible\"  ><label class='gfield_label gform-field-label' for='input_19_6'>Nachricht<span class=\"gfield_required\"><span class=\"gfield_required gfield_required_asterisk\">*<\/span><\/span><\/label><div class='ginput_container ginput_container_textarea'><textarea name='input_6' id='input_19_6' class='textarea medium'     aria-required=\"true\" aria-invalid=\"false\"   rows='10' cols='50'><\/textarea><\/div><\/li><\/ul><\/div>\n        <div class='gform-footer gform_footer top_label'> <input type='submit' id='gform_submit_button_19' class='gform_button button' onclick='gform.submission.handleButtonClick(this);' data-submission-type='submit' value='Absenden'  \/> \n            <input type='hidden' class='gform_hidden' name='gform_submission_method' data-js='gform_submission_method_19' value='postback' \/>\n            <input type='hidden' class='gform_hidden' name='gform_theme' data-js='gform_theme_19' id='gform_theme_19' value='legacy' \/>\n            <input type='hidden' class='gform_hidden' name='gform_style_settings' data-js='gform_style_settings_19' id='gform_style_settings_19' value='[]' \/>\n            <input type='hidden' class='gform_hidden' name='is_submit_19' value='1' \/>\n            <input type='hidden' class='gform_hidden' name='gform_submit' value='19' \/>\n            \n            <input type='hidden' class='gform_hidden' name='gform_currency' data-currency='USD' value='zk+kRibaO2N\/0tfCXP3FkD6Reg+SlSnTlKs1v5D7YLDvAGySOOAUDkPZWKlFGuyiRPZZCE2J+j1V9rmq36OzjW0reG2DqBPHRKsQ5BbCYkZEt84=' \/>\n            <input type='hidden' class='gform_hidden' name='gform_unique_id' value='' \/>\n            <input type='hidden' class='gform_hidden' name='state_19' value='WyJbXSIsImI3MDJiODFmYzc5ZTIyMTI5MmQ0NmFlYzE0OTQ1M2UxIl0=' \/>\n            <input type='hidden' autocomplete='off' class='gform_hidden' name='gform_target_page_number_19' id='gform_target_page_number_19' value='0' \/>\n            <input type='hidden' autocomplete='off' class='gform_hidden' name='gform_source_page_number_19' id='gform_source_page_number_19' value='1' \/>\n            <input type='hidden' name='gform_field_values' value='' \/>\n            \n        <\/div>\n                        <p style=\"display: none !important;\" class=\"akismet-fields-container\" data-prefix=\"ak_\"><label>&#916;<textarea name=\"ak_hp_textarea\" cols=\"45\" rows=\"8\" maxlength=\"100\"><\/textarea><\/label><input type=\"hidden\" id=\"ak_js_1\" name=\"ak_js\" value=\"60\"\/><script type=\"text\/javascript\">\n\/* <![CDATA[ *\/\ndocument.getElementById( \"ak_js_1\" ).setAttribute( \"value\", ( new Date() ).getTime() );\n\/* ]]> *\/\n<\/script>\n<\/p><\/form>\n                        <\/div><script type=\"text\/javascript\">\n\/* <![CDATA[ *\/\n gform.initializeOnLoaded( function() {gformInitSpinner( 19, 'https:\/\/www.modula4.com\/wp-content\/plugins\/gravityforms\/images\/spinner.svg', true );jQuery('#gform_ajax_frame_19').on('load',function(){var contents = jQuery(this).contents().find('*').html();var is_postback = contents.indexOf('GF_AJAX_POSTBACK') >= 0;if(!is_postback){return;}var form_content = jQuery(this).contents().find('#gform_wrapper_19');var is_confirmation = jQuery(this).contents().find('#gform_confirmation_wrapper_19').length > 0;var is_redirect = contents.indexOf('gformRedirect(){') >= 0;var is_form = form_content.length > 0 && ! is_redirect && ! is_confirmation;var mt = parseInt(jQuery('html').css('margin-top'), 10) + parseInt(jQuery('body').css('margin-top'), 10) + 100;if(is_form){jQuery('#gform_wrapper_19').html(form_content.html());if(form_content.hasClass('gform_validation_error')){jQuery('#gform_wrapper_19').addClass('gform_validation_error');} else {jQuery('#gform_wrapper_19').removeClass('gform_validation_error');}setTimeout( function() { \/* delay the scroll by 50 milliseconds to fix a bug in chrome *\/  }, 50 );if(window['gformInitDatepicker']) {gformInitDatepicker();}if(window['gformInitPriceFields']) {gformInitPriceFields();}var current_page = jQuery('#gform_source_page_number_19').val();gformInitSpinner( 19, 'https:\/\/www.modula4.com\/wp-content\/plugins\/gravityforms\/images\/spinner.svg', true );jQuery(document).trigger('gform_page_loaded', [19, current_page]);window['gf_submitting_19'] = false;}else if(!is_redirect){var confirmation_content = jQuery(this).contents().find('.GF_AJAX_POSTBACK').html();if(!confirmation_content){confirmation_content = contents;}jQuery('#gform_wrapper_19').replaceWith(confirmation_content);jQuery(document).trigger('gform_confirmation_loaded', [19]);window['gf_submitting_19'] = false;wp.a11y.speak(jQuery('#gform_confirmation_message_19').text());}else{jQuery('#gform_19').append(contents);if(window['gformRedirect']) {gformRedirect();}}jQuery(document).trigger(\"gform_pre_post_render\", [{ formId: \"19\", currentPage: \"current_page\", abort: function() { this.preventDefault(); } }]);        if (event && event.defaultPrevented) {                return;        }        const gformWrapperDiv = document.getElementById( \"gform_wrapper_19\" );        if ( gformWrapperDiv ) {            const visibilitySpan = document.createElement( \"span\" );            visibilitySpan.id = \"gform_visibility_test_19\";            gformWrapperDiv.insertAdjacentElement( \"afterend\", visibilitySpan );        }        const visibilityTestDiv = document.getElementById( \"gform_visibility_test_19\" );        let postRenderFired = false;        function triggerPostRender() {            if ( postRenderFired ) {                return;            }            postRenderFired = true;            gform.core.triggerPostRenderEvents( 19, current_page );            if ( visibilityTestDiv ) {                visibilityTestDiv.parentNode.removeChild( visibilityTestDiv );            }        }        function debounce( func, wait, immediate ) {            var timeout;            return function() {                var context = this, args = arguments;                var later = function() {                    timeout = null;                    if ( !immediate ) func.apply( context, args );                };                var callNow = immediate && !timeout;                clearTimeout( timeout );                timeout = setTimeout( later, wait );                if ( callNow ) func.apply( context, args );            };        }        const debouncedTriggerPostRender = debounce( function() {            triggerPostRender();        }, 200 );        if ( visibilityTestDiv && visibilityTestDiv.offsetParent === null ) {            const observer = new MutationObserver( ( mutations ) => {                mutations.forEach( ( mutation ) => {                    if ( mutation.type === 'attributes' && visibilityTestDiv.offsetParent !== null ) {                        debouncedTriggerPostRender();                        observer.disconnect();                    }                });            });            observer.observe( document.body, {                attributes: true,                childList: false,                subtree: true,                attributeFilter: [ 'style', 'class' ],            });        } else {            triggerPostRender();        }    } );} ); \n\/* ]]> *\/\n<\/script>\n<\/p>\n<p><!-- \/wp:paragraph --><\/p>\n<p><!-- wp:paragraph --><\/p>\n<p><!-- \/wp:paragraph --><\/p>\n<p><!-- wp:paragraph --><\/p>\n<p><!-- \/wp:paragraph --><\/p>\n<p><!-- wp:paragraph --><\/p>\n<p><!-- \/wp:paragraph --><\/p>\n<p><!-- \/wp:paragraph --><\/p>\n<h3>\u00a0<\/h3>\n<p>\u00a0<\/p>\n<p><!-- \/wp:paragraph --><\/p>\n<p><!-- wp:paragraph --><\/p>\n<p><!-- \/wp:paragraph --><\/p>\n<p><!-- wp:paragraph --><\/p>\n<p><!-- \/wp:paragraph --><\/p>\n<p><!-- wp:paragraph --><\/p>\n<p><!-- \/wp:paragraph --><\/p>\n<p><!-- wp:paragraph --><\/p>\n<p><!-- \/wp:paragraph --><\/p>\n<p><!-- wp:heading --><\/p>","protected":false},"excerpt":{"rendered":"<p>Ende der Laufzeit von Cumulus Canto wird den Support f\u00fcr Cumulus Entry und Cumulus Workgroup im Jahr 2022 und f\u00fcr Cumulus Enterprise im Jahr 2023 einstellen. Nach diesen Terminen wird Canto\u00a0den Besitzern von Cumulus\u00a0keine Updates (einschlie\u00dflich Fehlerbehebungen) und keinen Second-Level-Support mehr\u00a0 bereitstellen. Das bedeutet, dass Unternehmen, die Cumulus einsetzen, sich nach einem neuen DAM-System umsehen <a class=\"read-more\" href=\"https:\/\/www.modula4.com\/de\/dienstleistungen\/cumulus-to-netx-migration\/\">&#8230; &nbsp;Weiterlesen &gt;<\/a><\/p>\n","protected":false},"author":2,"featured_media":0,"parent":5969,"menu_order":101,"comment_status":"closed","ping_status":"closed","template":"","meta":{"_monsterinsights_skip_tracking":false,"_monsterinsights_sitenote_active":false,"_monsterinsights_sitenote_note":"","_monsterinsights_sitenote_category":0,"footnotes":""},"class_list":["post-11417","page","type-page","status-publish","hentry"],"yoast_head":"<!-- This site is optimized with the Yoast SEO Premium plugin v26.4 (Yoast SEO v27.5) - https:\/\/yoast.com\/product\/yoast-seo-premium-wordpress\/ -->\n<title>Migration von Cumulus zu NetX - Modula4<\/title>\n<meta name=\"robots\" content=\"index, follow, max-snippet:-1, max-image-preview:large, max-video-preview:-1\" \/>\n<link rel=\"canonical\" href=\"https:\/\/www.modula4.com\/de\/dienstleistungen\/cumulus-to-netx-migration\/\" \/>\n<meta property=\"og:locale\" content=\"de_DE\" \/>\n<meta property=\"og:type\" content=\"article\" \/>\n<meta property=\"og:title\" content=\"Migration von Cumulus zu NetX\" \/>\n<meta property=\"og:description\" content=\"Ende der Laufzeit von Cumulus Canto wird den Support f\u00fcr Cumulus Entry und Cumulus Workgroup im Jahr 2022 und f\u00fcr Cumulus Enterprise im Jahr 2023 einstellen. Nach diesen Terminen wird Canto\u00a0den Besitzern von Cumulus\u00a0keine Updates (einschlie\u00dflich Fehlerbehebungen) und keinen Second-Level-Support mehr\u00a0 bereitstellen. Das bedeutet, dass Unternehmen, die Cumulus einsetzen, sich nach einem neuen DAM-System umsehen ... &nbsp;Weiterlesen &gt;\" \/>\n<meta property=\"og:url\" content=\"https:\/\/www.modula4.com\/de\/dienstleistungen\/cumulus-to-netx-migration\/\" \/>\n<meta property=\"og:site_name\" content=\"Modula4\" \/>\n<meta property=\"article:publisher\" content=\"https:\/\/www.linkedin.com\/company\/modula4\/\" \/>\n<meta property=\"article:modified_time\" content=\"2022-10-20T06:36:55+00:00\" \/>\n<meta name=\"twitter:label1\" content=\"Gesch\u00e4tzte Lesezeit\" \/>\n\t<meta name=\"twitter:data1\" content=\"2\u00a0Minuten\" \/>\n<script type=\"application\/ld+json\" class=\"yoast-schema-graph\">{\"@context\":\"https:\\\/\\\/schema.org\",\"@graph\":[{\"@type\":\"WebPage\",\"@id\":\"https:\\\/\\\/www.modula4.com\\\/de\\\/dienstleistungen\\\/cumulus-to-netx-migration\\\/\",\"url\":\"https:\\\/\\\/www.modula4.com\\\/de\\\/dienstleistungen\\\/cumulus-to-netx-migration\\\/\",\"name\":\"Migration von Cumulus zu NetX - Modula4\",\"isPartOf\":{\"@id\":\"https:\\\/\\\/www.modula4.com\\\/#website\"},\"datePublished\":\"2022-09-09T16:58:02+00:00\",\"dateModified\":\"2022-10-20T06:36:55+00:00\",\"breadcrumb\":{\"@id\":\"https:\\\/\\\/www.modula4.com\\\/de\\\/dienstleistungen\\\/cumulus-to-netx-migration\\\/#breadcrumb\"},\"inLanguage\":\"de\",\"potentialAction\":[{\"@type\":\"ReadAction\",\"target\":[\"https:\\\/\\\/www.modula4.com\\\/de\\\/dienstleistungen\\\/cumulus-to-netx-migration\\\/\"]}]},{\"@type\":\"BreadcrumbList\",\"@id\":\"https:\\\/\\\/www.modula4.com\\\/de\\\/dienstleistungen\\\/cumulus-to-netx-migration\\\/#breadcrumb\",\"itemListElement\":[{\"@type\":\"ListItem\",\"position\":1,\"name\":\"Home\",\"item\":\"https:\\\/\\\/www.modula4.com\\\/de\\\/\"},{\"@type\":\"ListItem\",\"position\":2,\"name\":\"Dienstleistungen\",\"item\":\"https:\\\/\\\/www.modula4.com\\\/de\\\/dienstleistungen\\\/\"},{\"@type\":\"ListItem\",\"position\":3,\"name\":\"Migration von Cumulus zu NetX\"}]},{\"@type\":\"WebSite\",\"@id\":\"https:\\\/\\\/www.modula4.com\\\/#website\",\"url\":\"https:\\\/\\\/www.modula4.com\\\/\",\"name\":\"Modula4\",\"description\":\"Dedicated Experts. Complete Solutions. Real Results.\",\"publisher\":{\"@id\":\"https:\\\/\\\/www.modula4.com\\\/#organization\"},\"potentialAction\":[{\"@type\":\"SearchAction\",\"target\":{\"@type\":\"EntryPoint\",\"urlTemplate\":\"https:\\\/\\\/www.modula4.com\\\/?s={search_term_string}\"},\"query-input\":{\"@type\":\"PropertyValueSpecification\",\"valueRequired\":true,\"valueName\":\"search_term_string\"}}],\"inLanguage\":\"de\"},{\"@type\":\"Organization\",\"@id\":\"https:\\\/\\\/www.modula4.com\\\/#organization\",\"name\":\"Modula4\",\"url\":\"https:\\\/\\\/www.modula4.com\\\/\",\"logo\":{\"@type\":\"ImageObject\",\"inLanguage\":\"de\",\"@id\":\"https:\\\/\\\/www.modula4.com\\\/#\\\/schema\\\/logo\\\/image\\\/\",\"url\":\"https:\\\/\\\/www.modula4.com\\\/wp-content\\\/uploads\\\/M4-Logo-rgb.png\",\"contentUrl\":\"https:\\\/\\\/www.modula4.com\\\/wp-content\\\/uploads\\\/M4-Logo-rgb.png\",\"width\":190,\"height\":42,\"caption\":\"Modula4\"},\"image\":{\"@id\":\"https:\\\/\\\/www.modula4.com\\\/#\\\/schema\\\/logo\\\/image\\\/\"},\"sameAs\":[\"https:\\\/\\\/www.linkedin.com\\\/company\\\/modula4\\\/\"]}]}<\/script>\n<!-- \/ Yoast SEO Premium plugin. -->","yoast_head_json":{"title":"Migration von Cumulus zu NetX - Modula4","robots":{"index":"index","follow":"follow","max-snippet":"max-snippet:-1","max-image-preview":"max-image-preview:large","max-video-preview":"max-video-preview:-1"},"canonical":"https:\/\/www.modula4.com\/de\/dienstleistungen\/cumulus-to-netx-migration\/","og_locale":"de_DE","og_type":"article","og_title":"Migration von Cumulus zu NetX","og_description":"Ende der Laufzeit von Cumulus Canto wird den Support f\u00fcr Cumulus Entry und Cumulus Workgroup im Jahr 2022 und f\u00fcr Cumulus Enterprise im Jahr 2023 einstellen. Nach diesen Terminen wird Canto\u00a0den Besitzern von Cumulus\u00a0keine Updates (einschlie\u00dflich Fehlerbehebungen) und keinen Second-Level-Support mehr\u00a0 bereitstellen. Das bedeutet, dass Unternehmen, die Cumulus einsetzen, sich nach einem neuen DAM-System umsehen ... &nbsp;Weiterlesen &gt;","og_url":"https:\/\/www.modula4.com\/de\/dienstleistungen\/cumulus-to-netx-migration\/","og_site_name":"Modula4","article_publisher":"https:\/\/www.linkedin.com\/company\/modula4\/","article_modified_time":"2022-10-20T06:36:55+00:00","twitter_misc":{"Gesch\u00e4tzte Lesezeit":"2\u00a0Minuten"},"schema":{"@context":"https:\/\/schema.org","@graph":[{"@type":"WebPage","@id":"https:\/\/www.modula4.com\/de\/dienstleistungen\/cumulus-to-netx-migration\/","url":"https:\/\/www.modula4.com\/de\/dienstleistungen\/cumulus-to-netx-migration\/","name":"Migration von Cumulus zu NetX - Modula4","isPartOf":{"@id":"https:\/\/www.modula4.com\/#website"},"datePublished":"2022-09-09T16:58:02+00:00","dateModified":"2022-10-20T06:36:55+00:00","breadcrumb":{"@id":"https:\/\/www.modula4.com\/de\/dienstleistungen\/cumulus-to-netx-migration\/#breadcrumb"},"inLanguage":"de","potentialAction":[{"@type":"ReadAction","target":["https:\/\/www.modula4.com\/de\/dienstleistungen\/cumulus-to-netx-migration\/"]}]},{"@type":"BreadcrumbList","@id":"https:\/\/www.modula4.com\/de\/dienstleistungen\/cumulus-to-netx-migration\/#breadcrumb","itemListElement":[{"@type":"ListItem","position":1,"name":"Home","item":"https:\/\/www.modula4.com\/de\/"},{"@type":"ListItem","position":2,"name":"Dienstleistungen","item":"https:\/\/www.modula4.com\/de\/dienstleistungen\/"},{"@type":"ListItem","position":3,"name":"Migration von Cumulus zu NetX"}]},{"@type":"WebSite","@id":"https:\/\/www.modula4.com\/#website","url":"https:\/\/www.modula4.com\/","name":"Modula4","description":"Dedicated Experts. Complete Solutions. Real Results.","publisher":{"@id":"https:\/\/www.modula4.com\/#organization"},"potentialAction":[{"@type":"SearchAction","target":{"@type":"EntryPoint","urlTemplate":"https:\/\/www.modula4.com\/?s={search_term_string}"},"query-input":{"@type":"PropertyValueSpecification","valueRequired":true,"valueName":"search_term_string"}}],"inLanguage":"de"},{"@type":"Organization","@id":"https:\/\/www.modula4.com\/#organization","name":"Modula4","url":"https:\/\/www.modula4.com\/","logo":{"@type":"ImageObject","inLanguage":"de","@id":"https:\/\/www.modula4.com\/#\/schema\/logo\/image\/","url":"https:\/\/www.modula4.com\/wp-content\/uploads\/M4-Logo-rgb.png","contentUrl":"https:\/\/www.modula4.com\/wp-content\/uploads\/M4-Logo-rgb.png","width":190,"height":42,"caption":"Modula4"},"image":{"@id":"https:\/\/www.modula4.com\/#\/schema\/logo\/image\/"},"sameAs":["https:\/\/www.linkedin.com\/company\/modula4\/"]}]}},"_links":{"self":[{"href":"https:\/\/www.modula4.com\/de\/wp-json\/wp\/v2\/pages\/11417","targetHints":{"allow":["GET"]}}],"collection":[{"href":"https:\/\/www.modula4.com\/de\/wp-json\/wp\/v2\/pages"}],"about":[{"href":"https:\/\/www.modula4.com\/de\/wp-json\/wp\/v2\/types\/page"}],"author":[{"embeddable":true,"href":"https:\/\/www.modula4.com\/de\/wp-json\/wp\/v2\/users\/2"}],"replies":[{"embeddable":true,"href":"https:\/\/www.modula4.com\/de\/wp-json\/wp\/v2\/comments?post=11417"}],"version-history":[{"count":6,"href":"https:\/\/www.modula4.com\/de\/wp-json\/wp\/v2\/pages\/11417\/revisions"}],"predecessor-version":[{"id":11655,"href":"https:\/\/www.modula4.com\/de\/wp-json\/wp\/v2\/pages\/11417\/revisions\/11655"}],"up":[{"embeddable":true,"href":"https:\/\/www.modula4.com\/de\/wp-json\/wp\/v2\/pages\/5969"}],"wp:attachment":[{"href":"https:\/\/www.modula4.com\/de\/wp-json\/wp\/v2\/media?parent=11417"}],"curies":[{"name":"wp","href":"https:\/\/api.w.org\/{rel}","templated":true}]}}