{"id":11260,"date":"2022-01-07T03:49:42","date_gmt":"2022-01-07T11:49:42","guid":{"rendered":"https:\/\/www.modula4.com\/produkte\/brand-portals\/"},"modified":"2022-03-30T05:54:46","modified_gmt":"2022-03-30T12:54:46","slug":"brand-portals","status":"publish","type":"page","link":"https:\/\/www.modula4.com\/de\/produkte\/weitere-produkte\/brand-portals\/","title":{"rendered":"Brand Portal"},"content":{"rendered":"<h2>Behalten Sie die Kontrolle \u00fcber Ihre wertvollen Brand Assets<\/h2>\n\n\n<p>Brand Portals machen es jedem Unternehmen leicht, seine Brand Assets zu sammeln, zu organisieren, zu verteilen und zu kontrollieren. Sie bieten Kunden, potenziellen Kunden, Partnern und Medien ein optimiertes digitales Markenerlebnis. Stellen Sie sicher, dass nur die neuesten und zugelassenen -Brand Assets verwendet werden. Sie m\u00fcssen sich nicht mehr durch Ihre Ordner auf dem Computer w\u00fchlen, um die richtige Datei f\u00fcr den Versand per E-Mail oder Dropbox zu finden. Verabschieden Sie sich von dem schwer zu verwaltenden Bereich f\u00fcr Brand Assets auf Ihrer Website.<\/p>\n\n\n\n<p>Verwenden Sie Brand Portals f\u00fcr:<\/p>\n\n\n\n<ul class=\"wp-block-list\"><li>Logos<\/li><li>Produktbilder<\/li><li>Templates<\/li><li>Videos<\/li><li>Point-of-Sale-Material<\/li><li>Markenrichtlinien<\/li><\/ul>\n\n\n\n<figure class=\"wp-block-image size-large\"><img loading=\"lazy\" decoding=\"async\" width=\"610\" height=\"800\" src=\"https:\/\/www.modula4.com\/wp-content\/uploads\/Modula4-Brand-Portal-1-610x800.png\" alt=\"\" class=\"wp-image-11223\" srcset=\"https:\/\/www.modula4.com\/wp-content\/uploads\/Modula4-Brand-Portal-1-610x800.png 610w, https:\/\/www.modula4.com\/wp-content\/uploads\/Modula4-Brand-Portal-1-457x600.png 457w, https:\/\/www.modula4.com\/wp-content\/uploads\/Modula4-Brand-Portal-1-114x150.png 114w, https:\/\/www.modula4.com\/wp-content\/uploads\/Modula4-Brand-Portal-1-201x263.png 201w, https:\/\/www.modula4.com\/wp-content\/uploads\/Modula4-Brand-Portal-1.png 642w\" sizes=\"auto, (max-width: 610px) 100vw, 610px\" \/><\/figure>\n\n\n\n<p>Modula4 bietet Brand Portals, die in der Cloud oder vor Ort gehostet werden. Sie werden individuell f\u00fcr die spezifischen Anforderungen Ihres Unternehmens konfiguriert. Zu den Konfigurationsoptionen geh\u00f6ren Tracking, die Steuerung von Zugriffsberechtigungen und die Sammlung verkn\u00fcpfter Brand Assets.<\/p>\n\n\n\n<h3 class=\"wp-block-heading\">Warum sollten Sie unsere Brand Portals nutzen?<\/h3>\n\n\n\n<p><strong>Sparen Sie Zeit<\/strong><br>Das visuelle Selbstbedienungsportal gew\u00e4hrleistet, dass jeder schnell das bekommt, was er wirklich braucht.<\/p>\n\n\n\n<p><strong>Sch\u00fctzen Sie Ihre Marke<br><\/strong>Bestimmen Sie, wie Ihre Marke pr\u00e4sentiert werden soll. Stellen Sie sicher, dass nur das aktuellste, genehmigte Material verwendet wird.<\/p>\n\n\n\n<p><strong>Sie erhalten genau das, was Sie ben\u00f6tigen<br><\/strong>Jedes Brand Portal wird so konfiguriert, dass es der Nutzung Ihrer Brand Assets entspricht.<\/p>\n\n\n\n<p>Um mehr zu erfahren, nehmen Sie gerne <a href=\"https:\/\/www.modula4.com\/de\/kontakt\/\">Kontakt mit uns auf.<\/a> <\/p>\n","protected":false},"excerpt":{"rendered":"<p>Behalten Sie die Kontrolle \u00fcber Ihre wertvollen Brand Assets Brand Portals machen es jedem Unternehmen leicht, seine Brand Assets zu sammeln, zu organisieren, zu verteilen und zu kontrollieren. Sie bieten Kunden, potenziellen Kunden, Partnern und Medien ein optimiertes digitales Markenerlebnis. Stellen Sie sicher, dass nur die neuesten und zugelassenen -Brand Assets verwendet werden. Sie m\u00fcssen <a class=\"read-more\" href=\"https:\/\/www.modula4.com\/de\/produkte\/weitere-produkte\/brand-portals\/\">&#8230; &nbsp;Weiterlesen &gt;<\/a><\/p>\n","protected":false},"author":2,"featured_media":0,"parent":9533,"menu_order":30,"comment_status":"closed","ping_status":"closed","template":"","meta":{"_monsterinsights_skip_tracking":false,"_monsterinsights_sitenote_active":false,"_monsterinsights_sitenote_note":"","_monsterinsights_sitenote_category":0,"footnotes":""},"class_list":["post-11260","page","type-page","status-publish","hentry"],"yoast_head":"<!-- This site is optimized with the Yoast SEO Premium plugin v26.4 (Yoast SEO v27.3) - https:\/\/yoast.com\/product\/yoast-seo-premium-wordpress\/ -->\n<title>Brand Portal - Modula4<\/title>\n<meta name=\"robots\" content=\"index, follow, max-snippet:-1, max-image-preview:large, max-video-preview:-1\" \/>\n<link rel=\"canonical\" href=\"https:\/\/www.modula4.com\/de\/produkte\/brand-portals\/\" \/>\n<meta property=\"og:locale\" content=\"de_DE\" \/>\n<meta property=\"og:type\" content=\"article\" \/>\n<meta property=\"og:title\" content=\"Brand Portal\" \/>\n<meta property=\"og:description\" content=\"Behalten Sie die Kontrolle \u00fcber Ihre wertvollen Brand Assets Brand Portals machen es jedem Unternehmen leicht, seine Brand Assets zu sammeln, zu organisieren, zu verteilen und zu kontrollieren. Sie bieten Kunden, potenziellen Kunden, Partnern und Medien ein optimiertes digitales Markenerlebnis. Stellen Sie sicher, dass nur die neuesten und zugelassenen -Brand Assets verwendet werden. Sie m\u00fcssen ... &nbsp;Weiterlesen &gt;\" \/>\n<meta property=\"og:url\" content=\"https:\/\/www.modula4.com\/de\/produkte\/brand-portals\/\" \/>\n<meta property=\"og:site_name\" content=\"Modula4\" \/>\n<meta property=\"article:publisher\" content=\"https:\/\/www.linkedin.com\/company\/modula4\/\" \/>\n<meta property=\"article:modified_time\" content=\"2022-03-30T12:54:46+00:00\" \/>\n<meta property=\"og:image\" content=\"https:\/\/www.modula4.com\/wp-content\/uploads\/Modula4-Brand-Portal-1-610x800.png\" \/>\n<meta name=\"twitter:label1\" content=\"Gesch\u00e4tzte Lesezeit\" \/>\n\t<meta name=\"twitter:data1\" content=\"2\u00a0Minuten\" \/>\n<script type=\"application\/ld+json\" class=\"yoast-schema-graph\">{\"@context\":\"https:\\\/\\\/schema.org\",\"@graph\":[{\"@type\":\"WebPage\",\"@id\":\"https:\\\/\\\/www.modula4.com\\\/de\\\/produkte\\\/brand-portals\\\/\",\"url\":\"https:\\\/\\\/www.modula4.com\\\/de\\\/produkte\\\/brand-portals\\\/\",\"name\":\"Brand Portal - Modula4\",\"isPartOf\":{\"@id\":\"https:\\\/\\\/www.modula4.com\\\/#website\"},\"primaryImageOfPage\":{\"@id\":\"https:\\\/\\\/www.modula4.com\\\/de\\\/produkte\\\/brand-portals\\\/#primaryimage\"},\"image\":{\"@id\":\"https:\\\/\\\/www.modula4.com\\\/de\\\/produkte\\\/brand-portals\\\/#primaryimage\"},\"thumbnailUrl\":\"https:\\\/\\\/www.modula4.com\\\/wp-content\\\/uploads\\\/Modula4-Brand-Portal-1-610x800.png\",\"datePublished\":\"2022-01-07T11:49:42+00:00\",\"dateModified\":\"2022-03-30T12:54:46+00:00\",\"breadcrumb\":{\"@id\":\"https:\\\/\\\/www.modula4.com\\\/de\\\/produkte\\\/brand-portals\\\/#breadcrumb\"},\"inLanguage\":\"de\",\"potentialAction\":[{\"@type\":\"ReadAction\",\"target\":[\"https:\\\/\\\/www.modula4.com\\\/de\\\/produkte\\\/brand-portals\\\/\"]}]},{\"@type\":\"ImageObject\",\"inLanguage\":\"de\",\"@id\":\"https:\\\/\\\/www.modula4.com\\\/de\\\/produkte\\\/brand-portals\\\/#primaryimage\",\"url\":\"https:\\\/\\\/www.modula4.com\\\/wp-content\\\/uploads\\\/Modula4-Brand-Portal-1-610x800.png\",\"contentUrl\":\"https:\\\/\\\/www.modula4.com\\\/wp-content\\\/uploads\\\/Modula4-Brand-Portal-1-610x800.png\"},{\"@type\":\"BreadcrumbList\",\"@id\":\"https:\\\/\\\/www.modula4.com\\\/de\\\/produkte\\\/brand-portals\\\/#breadcrumb\",\"itemListElement\":[{\"@type\":\"ListItem\",\"position\":1,\"name\":\"Home\",\"item\":\"https:\\\/\\\/www.modula4.com\\\/de\\\/\"},{\"@type\":\"ListItem\",\"position\":2,\"name\":\"Produkte\",\"item\":\"https:\\\/\\\/www.modula4.com\\\/de\\\/produkte\\\/\"},{\"@type\":\"ListItem\",\"position\":3,\"name\":\"Brand Portal\"}]},{\"@type\":\"WebSite\",\"@id\":\"https:\\\/\\\/www.modula4.com\\\/#website\",\"url\":\"https:\\\/\\\/www.modula4.com\\\/\",\"name\":\"Modula4\",\"description\":\"Dedicated Experts. Complete Solutions. Real Results.\",\"publisher\":{\"@id\":\"https:\\\/\\\/www.modula4.com\\\/#organization\"},\"potentialAction\":[{\"@type\":\"SearchAction\",\"target\":{\"@type\":\"EntryPoint\",\"urlTemplate\":\"https:\\\/\\\/www.modula4.com\\\/?s={search_term_string}\"},\"query-input\":{\"@type\":\"PropertyValueSpecification\",\"valueRequired\":true,\"valueName\":\"search_term_string\"}}],\"inLanguage\":\"de\"},{\"@type\":\"Organization\",\"@id\":\"https:\\\/\\\/www.modula4.com\\\/#organization\",\"name\":\"Modula4\",\"url\":\"https:\\\/\\\/www.modula4.com\\\/\",\"logo\":{\"@type\":\"ImageObject\",\"inLanguage\":\"de\",\"@id\":\"https:\\\/\\\/www.modula4.com\\\/#\\\/schema\\\/logo\\\/image\\\/\",\"url\":\"https:\\\/\\\/www.modula4.com\\\/wp-content\\\/uploads\\\/M4-Logo-rgb.png\",\"contentUrl\":\"https:\\\/\\\/www.modula4.com\\\/wp-content\\\/uploads\\\/M4-Logo-rgb.png\",\"width\":190,\"height\":42,\"caption\":\"Modula4\"},\"image\":{\"@id\":\"https:\\\/\\\/www.modula4.com\\\/#\\\/schema\\\/logo\\\/image\\\/\"},\"sameAs\":[\"https:\\\/\\\/www.linkedin.com\\\/company\\\/modula4\\\/\"]}]}<\/script>\n<!-- \/ Yoast SEO Premium plugin. -->","yoast_head_json":{"title":"Brand Portal - Modula4","robots":{"index":"index","follow":"follow","max-snippet":"max-snippet:-1","max-image-preview":"max-image-preview:large","max-video-preview":"max-video-preview:-1"},"canonical":"https:\/\/www.modula4.com\/de\/produkte\/brand-portals\/","og_locale":"de_DE","og_type":"article","og_title":"Brand Portal","og_description":"Behalten Sie die Kontrolle \u00fcber Ihre wertvollen Brand Assets Brand Portals machen es jedem Unternehmen leicht, seine Brand Assets zu sammeln, zu organisieren, zu verteilen und zu kontrollieren. Sie bieten Kunden, potenziellen Kunden, Partnern und Medien ein optimiertes digitales Markenerlebnis. Stellen Sie sicher, dass nur die neuesten und zugelassenen -Brand Assets verwendet werden. Sie m\u00fcssen ... &nbsp;Weiterlesen &gt;","og_url":"https:\/\/www.modula4.com\/de\/produkte\/brand-portals\/","og_site_name":"Modula4","article_publisher":"https:\/\/www.linkedin.com\/company\/modula4\/","article_modified_time":"2022-03-30T12:54:46+00:00","og_image":[{"url":"https:\/\/www.modula4.com\/wp-content\/uploads\/Modula4-Brand-Portal-1-610x800.png","type":"","width":"","height":""}],"twitter_misc":{"Gesch\u00e4tzte Lesezeit":"2\u00a0Minuten"},"schema":{"@context":"https:\/\/schema.org","@graph":[{"@type":"WebPage","@id":"https:\/\/www.modula4.com\/de\/produkte\/brand-portals\/","url":"https:\/\/www.modula4.com\/de\/produkte\/brand-portals\/","name":"Brand Portal - Modula4","isPartOf":{"@id":"https:\/\/www.modula4.com\/#website"},"primaryImageOfPage":{"@id":"https:\/\/www.modula4.com\/de\/produkte\/brand-portals\/#primaryimage"},"image":{"@id":"https:\/\/www.modula4.com\/de\/produkte\/brand-portals\/#primaryimage"},"thumbnailUrl":"https:\/\/www.modula4.com\/wp-content\/uploads\/Modula4-Brand-Portal-1-610x800.png","datePublished":"2022-01-07T11:49:42+00:00","dateModified":"2022-03-30T12:54:46+00:00","breadcrumb":{"@id":"https:\/\/www.modula4.com\/de\/produkte\/brand-portals\/#breadcrumb"},"inLanguage":"de","potentialAction":[{"@type":"ReadAction","target":["https:\/\/www.modula4.com\/de\/produkte\/brand-portals\/"]}]},{"@type":"ImageObject","inLanguage":"de","@id":"https:\/\/www.modula4.com\/de\/produkte\/brand-portals\/#primaryimage","url":"https:\/\/www.modula4.com\/wp-content\/uploads\/Modula4-Brand-Portal-1-610x800.png","contentUrl":"https:\/\/www.modula4.com\/wp-content\/uploads\/Modula4-Brand-Portal-1-610x800.png"},{"@type":"BreadcrumbList","@id":"https:\/\/www.modula4.com\/de\/produkte\/brand-portals\/#breadcrumb","itemListElement":[{"@type":"ListItem","position":1,"name":"Home","item":"https:\/\/www.modula4.com\/de\/"},{"@type":"ListItem","position":2,"name":"Produkte","item":"https:\/\/www.modula4.com\/de\/produkte\/"},{"@type":"ListItem","position":3,"name":"Brand Portal"}]},{"@type":"WebSite","@id":"https:\/\/www.modula4.com\/#website","url":"https:\/\/www.modula4.com\/","name":"Modula4","description":"Dedicated Experts. Complete Solutions. Real Results.","publisher":{"@id":"https:\/\/www.modula4.com\/#organization"},"potentialAction":[{"@type":"SearchAction","target":{"@type":"EntryPoint","urlTemplate":"https:\/\/www.modula4.com\/?s={search_term_string}"},"query-input":{"@type":"PropertyValueSpecification","valueRequired":true,"valueName":"search_term_string"}}],"inLanguage":"de"},{"@type":"Organization","@id":"https:\/\/www.modula4.com\/#organization","name":"Modula4","url":"https:\/\/www.modula4.com\/","logo":{"@type":"ImageObject","inLanguage":"de","@id":"https:\/\/www.modula4.com\/#\/schema\/logo\/image\/","url":"https:\/\/www.modula4.com\/wp-content\/uploads\/M4-Logo-rgb.png","contentUrl":"https:\/\/www.modula4.com\/wp-content\/uploads\/M4-Logo-rgb.png","width":190,"height":42,"caption":"Modula4"},"image":{"@id":"https:\/\/www.modula4.com\/#\/schema\/logo\/image\/"},"sameAs":["https:\/\/www.linkedin.com\/company\/modula4\/"]}]}},"_links":{"self":[{"href":"https:\/\/www.modula4.com\/de\/wp-json\/wp\/v2\/pages\/11260","targetHints":{"allow":["GET"]}}],"collection":[{"href":"https:\/\/www.modula4.com\/de\/wp-json\/wp\/v2\/pages"}],"about":[{"href":"https:\/\/www.modula4.com\/de\/wp-json\/wp\/v2\/types\/page"}],"author":[{"embeddable":true,"href":"https:\/\/www.modula4.com\/de\/wp-json\/wp\/v2\/users\/2"}],"replies":[{"embeddable":true,"href":"https:\/\/www.modula4.com\/de\/wp-json\/wp\/v2\/comments?post=11260"}],"version-history":[{"count":7,"href":"https:\/\/www.modula4.com\/de\/wp-json\/wp\/v2\/pages\/11260\/revisions"}],"predecessor-version":[{"id":11312,"href":"https:\/\/www.modula4.com\/de\/wp-json\/wp\/v2\/pages\/11260\/revisions\/11312"}],"up":[{"embeddable":true,"href":"https:\/\/www.modula4.com\/de\/wp-json\/wp\/v2\/pages\/9533"}],"wp:attachment":[{"href":"https:\/\/www.modula4.com\/de\/wp-json\/wp\/v2\/media?parent=11260"}],"curies":[{"name":"wp","href":"https:\/\/api.w.org\/{rel}","templated":true}]}}